{"id":783,"date":"2020-07-23T16:28:46","date_gmt":"2020-07-23T16:28:46","guid":{"rendered":"https:\/\/daiduong-hydraulics.com\/?post_type=product&#038;p=783"},"modified":"2026-04-01T04:04:46","modified_gmt":"2026-04-01T04:04:46","slug":"elastomeric-hose-assemblies-17","status":"publish","type":"product","link":"https:\/\/daiduong-hydraulics.com\/?product=elastomeric-hose-assemblies-17","title":{"rendered":"\u0110\u1ea6U N\u1ed0I TH\u1ee6Y L\u1ef0C FITTING AND ADAPTER RYCO"},"content":{"rendered":"<h2><strong>T\u00ednh n\u0103ng k\u1ef9 thu\u1eadt:<\/strong><\/h2>\n<p>D\u00f9ng \u0111\u1ec3 k\u1ebft n\u1ed1i c\u00e1c chi ti\u1ebft tr\u00ean thi\u1ebft b\u1ecb v\u1edbi \u0111\u01b0\u1eddng \u1ed1ng d\u1eabn.<\/p>\n","protected":false},"excerpt":{"rendered":"<p>M\u1eb7t b\u00edch th\u1ee7y l\u1ef1c v\u00e0 \u0111\u1ea7u n\u1ed1i \u0111\u01b0\u1ee3c l\u00e0m t\u1eeb ch\u1ea5t li\u1ec7u th\u00e9p kh\u00f4ng g\u1ec9\u00a0 ti\u00eau chu\u1ea9n Ch\u00e2u \u00c2u,c\u00f4ng ngh\u1ec7 m\u1ea1 \u0111i\u1ec7n,theo h\u1ec7 ren DIN,JIS,JIC,NPT,BSPT,BSP,ORFS&#8230;<\/p>\n","protected":false},"featured_media":809,"comment_status":"open","ping_status":"closed","template":"","meta":[],"class_list":{"0":"post-783","1":"product","2":"type-product","3":"status-publish","4":"has-post-thumbnail","6":"product_cat-dau-noi-thuy-luc","8":"first","9":"instock","10":"shipping-taxable","11":"purchasable","12":"product-type-simple"},"_links":{"self":[{"href":"https:\/\/daiduong-hydraulics.com\/index.php?rest_route=\/wp\/v2\/product\/783"}],"collection":[{"href":"https:\/\/daiduong-hydraulics.com\/index.php?rest_route=\/wp\/v2\/product"}],"about":[{"href":"https:\/\/daiduong-hydraulics.com\/index.php?rest_route=\/wp\/v2\/types\/product"}],"replies":[{"embeddable":true,"href":"https:\/\/daiduong-hydraulics.com\/index.php?rest_route=%2Fwp%2Fv2%2Fcomments&post=783"}],"wp:featuredmedia":[{"embeddable":true,"href":"https:\/\/daiduong-hydraulics.com\/index.php?rest_route=\/wp\/v2\/media\/809"}],"wp:attachment":[{"href":"https:\/\/daiduong-hydraulics.com\/index.php?rest_route=%2Fwp%2Fv2%2Fmedia&parent=783"}],"curies":[{"name":"wp","href":"https:\/\/api.w.org\/{rel}","templated":true}]}}