{"id":1226,"date":"2021-03-01T09:26:40","date_gmt":"2021-03-01T09:26:40","guid":{"rendered":"https:\/\/daiduong-hydraulics.com\/?post_type=product&#038;p=1226"},"modified":"2026-04-11T20:47:09","modified_gmt":"2026-04-11T20:47:09","slug":"ong-thuy-luc-2-2at-parker-301sn-32","status":"publish","type":"product","link":"https:\/\/daiduong-hydraulics.com\/?product=ong-thuy-luc-2-2at-parker-301sn-32","title":{"rendered":"\u1ed0NG TH\u1ee6Y L\u1ef0C RYCO 3\/4&#8221; H6000"},"content":{"rendered":"<p>\u0110\u00c1P \u1ee8NG CHO:<br \/>\nC\u00e1c d\u00f2ng d\u1ea7u th\u1ee7y l\u1ef1c \u00e1p su\u1ea5t c\u1ef1c cao. H\u1eb1ng s\u1ed1<br \/>\n\u00e1p su\u1ea5t (Isobaric) 420 bar \/ 6100 psi \u1edf m\u1ecdi k\u00edch c\u1ee1. Kh\u00fac quanh nh\u1ecf<br \/>\nb\u00e1n k\u00ednh l\u00e0 m\u1ed9t l\u1ee3i th\u1ebf trong c\u00e0i \u0111\u1eb7t.<br \/>\n\u0110\u1ec0 XU\u1ea4T:<br \/>\n\u0110\u00e1p \u1ee9ng ho\u1eb7c V\u01b0\u1ee3t qu\u00e1 c\u00e1c Y\u00eau c\u1ea7u v\u1ec1 Hi\u1ec7u su\u1ea5t c\u1ee7a:<br \/>\nEN 856 Lo\u1ea1i R15, ISO 18752-CC, SAE 100R15.<br \/>\n\u1ed0NG:<br \/>\nCao su t\u1ed5ng h\u1ee3p m\u00e0u \u0111en, ch\u1ed1ng d\u1ea7u.<br \/>\nC\u00d4NG B\u1ed0:<br \/>\nB\u1ed1n (-06 \u0111\u1ebfn -16 k\u00edch th\u01b0\u1edbc), s\u00e1u (-20 \u0111\u1ebfn -24 k\u00edch th\u01b0\u1edbc) v\u00e0 t\u00e1m (-32 k\u00edch th\u01b0\u1edbc)<br \/>\nxen k\u1ebd c\u00e1c l\u1edbp d\u00e2y th\u00e9p c\u01b0\u1eddng \u0111\u1ed9 cao xo\u1eafn \u1ed1c.<br \/>\nB\u1ec0 :<br \/>\nDIEHARD \u2122 M\u00e0u \u0111en, d\u1ea7u v\u00e0 t\u1ed5ng h\u1ee3p ch\u1ed1ng m\u00e0i m\u00f2n<br \/>\ncao su. Ch\u1ed1ng ch\u00e1y, ch\u1ed1ng t\u0129nh \u0111i\u1ec7n (FRAS) &#038; MSHA<br \/>\ntu\u00e2n th\u1ee7. X\u00e2y d\u1ef1ng th\u01b0\u01a1ng hi\u1ec7u l\u1edbp d\u1ec5 nh\u00ecn th\u1ea5y d\u1ec5 d\u00e0ng v\u00e0<br \/>\nnh\u1eadn d\u1ea1ng v\u0129nh vi\u1ec5n. Kh\u00f4ng c\u1ea7n tr\u01b0\u1ee3t tuy\u1ebft v\u1edbi T6000<br \/>\nv\u00e0 Kh\u1edbp n\u1ed1i u\u1ed1n d\u00f2ng T7000.<br \/>\nT\u00cdNH N\u0102NG, \u0110\u1eb6C \u0110I\u1ec2M:<br \/>\n\u0110\u00e3 th\u1eed nghi\u1ec7m \u0111\u1ebfn 1 tri\u1ec7u chu k\u1ef3 xung \u1edf t\u1ed1i \u0111a 1\/2 SAE 100R15<br \/>\nB\u00e1n k\u00ednh u\u1ed1n cong t\u1ed1i thi\u1ec3u. World First: V\u00f2i 2 \u201d(-32) \u0111\u1ea7u ti\u00ean tr\u00ean th\u1ebf gi\u1edbi<br \/>\n\u0111\u01b0\u1ee3c th\u1eed nghi\u1ec7m \u0111\u1ebfn 1 tri\u1ec7u chu k\u1ef3 xung \u1edf m\u1ee9c t\u1ed1i thi\u1ec3u 400mm (15,8 \u201d)<br \/>\nB\u00e1n k\u00ednh u\u1ed1n cong. \u00c1p su\u1ea5t kh\u00f4ng \u0111\u1ed5i 420 bar \/ 6100 psi \u1edf m\u1ecdi k\u00edch c\u1ee1<br \/>\n\u0111\u1ec3 d\u1ec5 d\u00e0ng thi\u1ebft k\u1ebf h\u1ec7 th\u1ed1ng v\u00e0 l\u1ef1a ch\u1ecdn \u1ed1ng. Kh\u00fac quanh nh\u1ecf<br \/>\nb\u00e1n k\u00ednh l\u00e0 m\u1ed9t l\u1ee3i th\u1ebf trong c\u00e0i \u0111\u1eb7t.<br \/>\nFRAS &#8211; KH\u00c1NG BAY V\u00c0 CH\u1ed0NG TH\u1ea4M:<br \/>\nDIEHARD \u2122 ph\u00f9 h\u1ee3p v\u1edbi Ch\u1ed1ng ch\u00e1y v\u00e0 \u0110i\u1ec7n<br \/>\nY\u00eau c\u1ea7u v\u1ec1 kh\u00e1ng (Ch\u1ed1ng t\u0129nh \u0111i\u1ec7n) c\u1ee7a Ti\u00eau chu\u1ea9n \u00dac<br \/>\nAS 2660 v\u00e0 c\u00e1c ph\u01b0\u01a1ng ph\u00e1p ki\u1ec3m tra AS 1180.10B v\u00e0 13A.<br \/>\n\u0110\u1ea1t ch\u1ec9 \u0111\u1ecbnh ch\u1ed1ng ch\u00e1y \u201cU.S. MSHA \u201dc\u1ee7a M\u1ef9<br \/>\nC\u1ee5c qu\u1ea3n l\u00fd lao \u0111\u1ed9ng, an to\u00e0n m\u1ecf v\u00e0 y t\u1ebf.<br \/>\nPH\u1ea0M VI NHI\u1ec6T \u0110\u1ed8:<br \/>\n-40 \u00b0 C \u0111\u1ebfn + 121 \u00b0 C (-40 \u00b0 F \u0111\u1ebfn + 250 \u00b0 F).<br \/>\n\u0110\u1ed1i v\u1edbi n\u01b0\u1edbc, nh\u0169 t\u01b0\u01a1ng, v.v. xem trang 58.<br \/>\n\u00c1P L\u1ef0C C\u00d4NG VI\u1ec6C:<br \/>\n\u00c1p su\u1ea5t l\u00e0m vi\u1ec7c t\u1ed1i \u0111a d\u1ef1a tr\u00ean h\u1ec7 s\u1ed1 an to\u00e0n 4: 1<br \/>\n(\u00e1p su\u1ea5t l\u00e0m vi\u1ec7c t\u1ed1i \u0111a \u0111\u1ebfn \u00e1p su\u1ea5t n\u1ed5 nh\u1ecf nh\u1ea5t).<br \/>\nPH\u00ca DUY\u1ec6T C\u1ee6A B\u00caN TH\u1ee8 BA:<br \/>\nABS, DNV-GL, LR, MED, USCG, GOST-R, BV, RINA v\u00e0 KR.<br \/>\nKH\u1edaP N\u1ed0I:<br \/>\nM\u1ed8T M\u1ea2NH KH\u00d4NG C\u00d3<br \/>\nT7000 Series (k\u00edch th\u01b0\u1edbc -06 \u0111\u1ebfn -20) trang 274 \u0111\u1ebfn 304.<br \/>\nT6000 Series (k\u00edch th\u01b0\u1edbc -12 \u0111\u1ebfn -32) trang 252 \u0111\u1ebfn 272.<br \/>\nH\u01b0\u1edbng d\u1eabn l\u1eafp r\u00e1p trang 480<\/p>\n","protected":false},"excerpt":{"rendered":"<p>\u0110\u00c1P \u1ee8NG CHO: C\u00e1c d\u00f2ng d\u1ea7u th\u1ee7y l\u1ef1c \u00e1p su\u1ea5t c\u1ef1c cao. H\u1eb1ng s\u1ed1 \u00e1p su\u1ea5t (Isobaric) 420 bar \/ 6100 psi \u1edf m\u1ecdi k\u00edch c\u1ee1. Kh\u00fac quanh nh\u1ecf b\u00e1n k\u00ednh l\u00e0 m\u1ed9t l\u1ee3i th\u1ebf trong c\u00e0i \u0111\u1eb7t. \u0110\u1ec0 XU\u1ea4T: \u0110\u00e1p \u1ee9ng ho\u1eb7c V\u01b0\u1ee3t qu\u00e1 c\u00e1c Y\u00eau c\u1ea7u v\u1ec1 Hi\u1ec7u su\u1ea5t c\u1ee7a: EN 856 Lo\u1ea1i [&hellip;]<\/p>\n","protected":false},"featured_media":1313,"comment_status":"open","ping_status":"closed","template":"","meta":[],"class_list":{"0":"post-1226","1":"product","2":"type-product","3":"status-publish","4":"has-post-thumbnail","6":"product_cat-ong-tuy-o-thuy-luc","7":"product-has-gallery","9":"first","10":"instock","11":"shipping-taxable","12":"purchasable","13":"product-type-simple"},"_links":{"self":[{"href":"https:\/\/daiduong-hydraulics.com\/index.php?rest_route=\/wp\/v2\/product\/1226"}],"collection":[{"href":"https:\/\/daiduong-hydraulics.com\/index.php?rest_route=\/wp\/v2\/product"}],"about":[{"href":"https:\/\/daiduong-hydraulics.com\/index.php?rest_route=\/wp\/v2\/types\/product"}],"replies":[{"embeddable":true,"href":"https:\/\/daiduong-hydraulics.com\/index.php?rest_route=%2Fwp%2Fv2%2Fcomments&post=1226"}],"wp:featuredmedia":[{"embeddable":true,"href":"https:\/\/daiduong-hydraulics.com\/index.php?rest_route=\/wp\/v2\/media\/1313"}],"wp:attachment":[{"href":"https:\/\/daiduong-hydraulics.com\/index.php?rest_route=%2Fwp%2Fv2%2Fmedia&parent=1226"}],"curies":[{"name":"wp","href":"https:\/\/api.w.org\/{rel}","templated":true}]}}