{"id":1096,"date":"2020-08-15T14:16:18","date_gmt":"2020-08-15T14:16:18","guid":{"rendered":"https:\/\/daiduong-hydraulics.com\/?post_type=product&#038;p=1096"},"modified":"2021-09-24T09:18:11","modified_gmt":"2021-09-24T09:18:11","slug":"luoi-cat-ong-thuy-luc-yuben-c300","status":"publish","type":"product","link":"https:\/\/daiduong-hydraulics.com\/?product=luoi-cat-ong-thuy-luc-yuben-c300","title":{"rendered":"L\u01af\u1ee0I C\u1eaeT \u1ed0NG TH\u1ee6Y L\u1ef0C YUBEN C300"},"content":{"rendered":"<p>L\u01b0\u1ee1i c\u1eaft Yuben C300 kh\u00f4ng t\u1ea1o ra kh\u00f3i,m\u00f9i khi c\u1eaft \u1ed1ng,l\u00e0m cho b\u1ec1 m\u1eb7t c\u1eaft ph\u1eb3ng kh\u00f4ng sinh nhi\u1ec7t,kh\u00f4ng g\u00e2y ti\u1ebfng \u1ed3n,b\u1ee5i.<\/p>\n","protected":false},"excerpt":{"rendered":"<p>L\u01b0\u1ee1i c\u1eaft YUBEN C300 gi\u1ea3m l\u01b0\u1ee3ng kh\u00f3i,kh\u00f4ng kh\u00e9t,kh\u00f4ng m\u00f9i h\u00f4i,kh\u00f4ng sinh ra nhi\u1ec7t \u1ea3nh h\u01b0\u1edfng \u0111\u1ebfn ch\u1ea5t l\u01b0\u1ee3ng \u1ed1ng.Kh\u00f4ng g\u00e2y t\u00e1c h\u1ea1i \u0111\u1ebfn s\u1ee9c kh\u1ecfe.<\/p>\n","protected":false},"featured_media":1024,"comment_status":"open","ping_status":"closed","template":"","meta":[],"class_list":{"0":"post-1096","1":"product","2":"type-product","3":"status-publish","4":"has-post-thumbnail","6":"product_cat-phu-kien-thuy-luc","7":"product-has-gallery","9":"first","10":"instock","11":"shipping-taxable","12":"purchasable","13":"product-type-simple"},"_links":{"self":[{"href":"https:\/\/daiduong-hydraulics.com\/index.php?rest_route=\/wp\/v2\/product\/1096"}],"collection":[{"href":"https:\/\/daiduong-hydraulics.com\/index.php?rest_route=\/wp\/v2\/product"}],"about":[{"href":"https:\/\/daiduong-hydraulics.com\/index.php?rest_route=\/wp\/v2\/types\/product"}],"replies":[{"embeddable":true,"href":"https:\/\/daiduong-hydraulics.com\/index.php?rest_route=%2Fwp%2Fv2%2Fcomments&post=1096"}],"wp:featuredmedia":[{"embeddable":true,"href":"https:\/\/daiduong-hydraulics.com\/index.php?rest_route=\/wp\/v2\/media\/1024"}],"wp:attachment":[{"href":"https:\/\/daiduong-hydraulics.com\/index.php?rest_route=%2Fwp%2Fv2%2Fmedia&parent=1096"}],"curies":[{"name":"wp","href":"https:\/\/api.w.org\/{rel}","templated":true}]}}