{"id":1078,"date":"2020-08-14T08:57:04","date_gmt":"2020-08-14T08:57:04","guid":{"rendered":"https:\/\/daiduong-hydraulics.com\/?post_type=product&#038;p=1078"},"modified":"2020-08-14T09:22:43","modified_gmt":"2020-08-14T09:22:43","slug":"quick-coupling-parker-bspp-6600-series-iso-7241-series-a","status":"publish","type":"product","link":"https:\/\/daiduong-hydraulics.com\/?product=quick-coupling-parker-bspp-6600-series-iso-7241-series-a","title":{"rendered":"Quick coupling Parker BSPP 6600 Series ISO 7241 Series A"},"content":{"rendered":"","protected":false},"excerpt":{"rendered":"<p>Kh\u1edbp n\u1ed1i nhanh Series 6600 (th\u1ee7y l\u1ef1c) l\u00ean \u0111\u1ebfn 5000 psi, k\u1ebft n\u1ed1i v\u1edbi N\u00fam v\u00fa Series A, ISO 7241 Series 6600.<\/p>\n<p>Series 6600 c\u1ee7a Parker c\u00f3 van k\u00e9p \u0111\u00f3ng ng\u1eaft v\u00e0 c\u00f3 th\u1ec3 ho\u00e1n \u0111\u1ed5i cho nhau b\u1eb1ng c\u00e1c van ng\u1eaft nhanh kh\u00e1c tu\u00e2n theo ti\u00eau chu\u1ea9n ISO 7241 series A.<\/p>\n<p>C\u00e1c \u0111\u1ea7u n\u1ed1i v\u00e0 n\u00fam b\u1eb1ng th\u00e9p n\u00e0y c\u00f3 nhi\u1ec1u k\u00edch c\u1ee1 cho c\u00e1c \u1ee9ng d\u1ee5ng c\u00f3 d\u1ea3i \u00e1p su\u1ea5t l\u00ean \u0111\u1ebfn 5000 psi.<\/p>\n","protected":false},"featured_media":1081,"comment_status":"open","ping_status":"closed","template":"","meta":[],"class_list":{"0":"post-1078","1":"product","2":"type-product","3":"status-publish","4":"has-post-thumbnail","6":"product_cat-khop-noi-nhanh","7":"product-has-gallery","9":"first","10":"instock","11":"shipping-taxable","12":"purchasable","13":"product-type-simple"},"_links":{"self":[{"href":"https:\/\/daiduong-hydraulics.com\/index.php?rest_route=\/wp\/v2\/product\/1078"}],"collection":[{"href":"https:\/\/daiduong-hydraulics.com\/index.php?rest_route=\/wp\/v2\/product"}],"about":[{"href":"https:\/\/daiduong-hydraulics.com\/index.php?rest_route=\/wp\/v2\/types\/product"}],"replies":[{"embeddable":true,"href":"https:\/\/daiduong-hydraulics.com\/index.php?rest_route=%2Fwp%2Fv2%2Fcomments&post=1078"}],"wp:featuredmedia":[{"embeddable":true,"href":"https:\/\/daiduong-hydraulics.com\/index.php?rest_route=\/wp\/v2\/media\/1081"}],"wp:attachment":[{"href":"https:\/\/daiduong-hydraulics.com\/index.php?rest_route=%2Fwp%2Fv2%2Fmedia&parent=1078"}],"curies":[{"name":"wp","href":"https:\/\/api.w.org\/{rel}","templated":true}]}}