{"id":1061,"date":"2020-08-13T08:11:50","date_gmt":"2020-08-13T08:11:50","guid":{"rendered":"https:\/\/daiduong-hydraulics.com\/?post_type=product&#038;p=1061"},"modified":"2026-04-11T20:46:10","modified_gmt":"2026-04-11T20:46:10","slug":"may-bam-ong-thuy-luc-yuben-p120","status":"publish","type":"product","link":"https:\/\/daiduong-hydraulics.com\/?product=may-bam-ong-thuy-luc-yuben-p120","title":{"rendered":"M\u00c1Y B\u1ea4M \u1ed0NG TH\u1ee6Y L\u1ef0C YUBEN P120"},"content":{"rendered":"<p>YB-P120 l\u00e0 m\u00e1y \u00e9p cung c\u1ea5p l\u1ef1c \u00e9p 2800 KN v\u1edbi quy tr\u00ecnh t\u1ef1 \u0111\u1ed9ng h\u00f3a cao. N\u00f3 ti\u1ebft ki\u1ec7m th\u1eddi gian v\u00e0 \u0111\u1ea3m b\u1ea3o ch\u1ea5t l\u01b0\u1ee3ng t\u1ed1i \u01b0u. M\u00f4 h\u00ecnh n\u00e0y ph\u00f9 h\u1ee3p v\u1edbi nh\u00e0 m\u00e1y s\u1ea3n xu\u1ea5t li\u00ean t\u1ee5c<\/p>\n<p>&nbsp;<\/p>\n","protected":false},"excerpt":{"rendered":"<p>YB-P120 l\u00e0 m\u00e1y \u00e9p cung c\u1ea5p l\u1ef1c \u00e9p 2800 KN v\u1edbi quy tr\u00ecnh t\u1ef1 \u0111\u1ed9ng h\u00f3a cao. N\u00f3 ti\u1ebft ki\u1ec7m th\u1eddi gian v\u00e0 \u0111\u1ea3m b\u1ea3o ch\u1ea5t l\u01b0\u1ee3ng t\u1ed1i \u01b0u. M\u00f4 h\u00ecnh n\u00e0y ph\u00f9 h\u1ee3p v\u1edbi nh\u00e0 m\u00e1y s\u1ea3n xu\u1ea5t li\u00ean t\u1ee5c<\/p>\n<p>&nbsp;<\/p>\n","protected":false},"featured_media":1055,"comment_status":"open","ping_status":"closed","template":"","meta":[],"class_list":{"0":"post-1061","1":"product","2":"type-product","3":"status-publish","4":"has-post-thumbnail","6":"product_cat-may-bam-ong-thuy-luc-yuben","7":"product-has-gallery","9":"first","10":"instock","11":"shipping-taxable","12":"purchasable","13":"product-type-simple"},"_links":{"self":[{"href":"https:\/\/daiduong-hydraulics.com\/index.php?rest_route=\/wp\/v2\/product\/1061"}],"collection":[{"href":"https:\/\/daiduong-hydraulics.com\/index.php?rest_route=\/wp\/v2\/product"}],"about":[{"href":"https:\/\/daiduong-hydraulics.com\/index.php?rest_route=\/wp\/v2\/types\/product"}],"replies":[{"embeddable":true,"href":"https:\/\/daiduong-hydraulics.com\/index.php?rest_route=%2Fwp%2Fv2%2Fcomments&post=1061"}],"wp:featuredmedia":[{"embeddable":true,"href":"https:\/\/daiduong-hydraulics.com\/index.php?rest_route=\/wp\/v2\/media\/1055"}],"wp:attachment":[{"href":"https:\/\/daiduong-hydraulics.com\/index.php?rest_route=%2Fwp%2Fv2%2Fmedia&parent=1061"}],"curies":[{"name":"wp","href":"https:\/\/api.w.org\/{rel}","templated":true}]}}